{"id":498,"date":"2021-03-15T07:13:42","date_gmt":"2021-03-15T07:13:42","guid":{"rendered":"https:\/\/gaviaspreview.com\/wp\/tevily\/?post_type=gva_team&#038;p=498"},"modified":"2025-08-14T19:32:36","modified_gmt":"2025-08-14T19:32:36","slug":"atracciones-cerca-de-mi","status":"publish","type":"page","link":"https:\/\/www.dailycitytoursantalya.com\/esp\/atracciones-cerca-de-mi\/","title":{"rendered":"Encuentra y reserva atracciones cerca de m\u00ed"},"content":{"rendered":"\t\t<div data-elementor-type=\"wp-page\" data-elementor-id=\"498\" class=\"elementor elementor-498\">\n\t\t\t\t\t\t<section class=\"elementor-section elementor-top-section elementor-element elementor-element-8e2b1de elementor-section-boxed elementor-section-height-default elementor-section-height-default row-top\" data-id=\"8e2b1de\" data-element_type=\"section\" data-settings=\"{&quot;background_background&quot;:&quot;slideshow&quot;,&quot;background_slideshow_gallery&quot;:[{&quot;id&quot;:614,&quot;url&quot;:&quot;https:\\\/\\\/gaviaspreview.com\\\/wp\\\/tevily\\\/wp-content\\\/uploads\\\/2020\\\/12\\\/slider-1.jpg&quot;},{&quot;id&quot;:1011,&quot;url&quot;:&quot;https:\\\/\\\/gaviaspreview.com\\\/wp\\\/tevily\\\/wp-content\\\/uploads\\\/2021\\\/10\\\/slider-5.jpg&quot;}],&quot;background_slideshow_loop&quot;:&quot;yes&quot;,&quot;background_slideshow_slide_duration&quot;:5000,&quot;background_slideshow_slide_transition&quot;:&quot;fade&quot;,&quot;background_slideshow_transition_duration&quot;:500}\">\n\t\t\t\t\t\t<div class=\"elementor-container elementor-column-gap-default\">\n\t\t\t\t\t<div class=\"elementor-column elementor-col-100 elementor-top-column elementor-element elementor-element-fc621be\" data-id=\"fc621be\" data-element_type=\"column\">\n\t\t\t<div class=\"elementor-widget-wrap elementor-element-populated\">\n\t\t\t\t\t\t<div class=\"elementor-element elementor-element-2dc681d elementor-widget elementor-widget-gva-heading-block\" data-id=\"2dc681d\" data-element_type=\"widget\" data-widget_type=\"gva-heading-block.default\">\n\t\t\t\t<div class=\"elementor-widget-container\">\n\t\t\t\t\t<div class=\"gva-element-gva-heading-block gva-element\">   <div class=\"align-left style-1 widget gsc-heading box-align-left auto-responsive\">\r\n      <div class=\"content-inner\">\r\n         \r\n                  \r\n           \r\n         \r\n                     <h2 class=\"title\">\r\n               <span>Atracciones cerca de m\u00ed<\/span>\r\n            <\/h2>\r\n                  \r\n         \r\n      <\/div>\r\n   <\/div>\r\n<\/div>\t\t\t\t<\/div>\n\t\t\t\t<\/div>\n\t\t\t\t\t<\/div>\n\t\t<\/div>\n\t\t\t\t\t<\/div>\n\t\t<\/section>\n\t\t\t\t<section class=\"elementor-section elementor-top-section elementor-element elementor-element-c039c88 elementor-section-boxed elementor-section-height-default elementor-section-height-default row-top\" data-id=\"c039c88\" data-element_type=\"section\" data-settings=\"{&quot;background_background&quot;:&quot;classic&quot;}\">\n\t\t\t\t\t\t<div class=\"elementor-container elementor-column-gap-default\">\n\t\t\t\t\t<div class=\"elementor-column elementor-col-100 elementor-top-column elementor-element elementor-element-b947f7f\" data-id=\"b947f7f\" data-element_type=\"column\">\n\t\t\t<div class=\"elementor-widget-wrap elementor-element-populated\">\n\t\t\t\t\t\t<div class=\"elementor-element elementor-element-2f9a94a elementor-widget elementor-widget-gva-heading-block\" data-id=\"2f9a94a\" data-element_type=\"widget\" data-widget_type=\"gva-heading-block.default\">\n\t\t\t\t<div class=\"elementor-widget-container\">\n\t\t\t\t\t<div class=\"gva-element-gva-heading-block gva-element\">   <div class=\"align-left style-1 widget gsc-heading box-align-left auto-responsive\">\r\n      <div class=\"content-inner\">\r\n         \r\n                  \r\n                     <div class=\"sub-title\"><span>Atracciones cerca de m\u00ed<\/span><\/div>\r\n           \r\n         \r\n                     <h2 class=\"title\">\r\n               <span>Encuentra y reserva atracciones cerca de m\u00ed<\/span>\r\n            <\/h2>\r\n                              <div class=\"title-desc\">\u00bfEst\u00e1s buscando atracciones cerca de m\u00ed en Antalya, Alanya, Kemer o Belek? Reserva los mejores tours en tu idioma con 1071 VUDAA Travel. Reserva f\u00e1cil a trav\u00e9s de WhatsApp, Viber o Telegram. Disfrute de opciones de pago flexibles que incluyen tarjeta de cr\u00e9dito, en l\u00ednea, transferencia bancaria o efectivo el d\u00eda del recorrido.<\/div>\r\n         \r\n         \r\n      <\/div>\r\n   <\/div>\r\n<\/div>\t\t\t\t<\/div>\n\t\t\t\t<\/div>\n\t\t\t\t<div class=\"elementor-element elementor-element-7de4c54 elementor-widget elementor-widget-text-editor\" data-id=\"7de4c54\" data-element_type=\"widget\" data-widget_type=\"text-editor.default\">\n\t\t\t\t<div class=\"elementor-widget-container\">\n\t\t\t\t\t\t\t\t\t<ol><li><p>Encuentre y reserve atracciones cerca de usted con 1071 VUDAA Travel<\/p><p>\u00bfC\u00f3mo reservo con 1071 VUDAA Travel?<\/p><p>\u00bfBusca atracciones cerca de usted para explorar durante su visita? En 1071 VUDAA Travel te lo ponemos f\u00e1cil para reservar los mejores tours y experiencias. Para comenzar, simplemente env\u00ede una solicitud en l\u00ednea para el recorrido que desee. No olvide incluir detalles importantes como:<\/p><p>N\u00famero total de participantes<\/p><p>Edad de todos los participantes (adultos, ni\u00f1os, ni\u00f1os peque\u00f1os)<\/p><p>Ajustamos nuestros precios seg\u00fan los grupos de edad para garantizar que obtenga el mejor valor por su experiencia.<\/p><p>Descubra tours multiling\u00fces para atracciones cercanas a usted.<span style=\"color: #ffffff;\"> (Tambi\u00e9n ofrecemos tours gay-friendly y LGBT-friendly)<\/span><\/p><p>Ofrecemos recorridos por atracciones cercanas a usted en varios idiomas para que se sienta como en casa. Nuestros tours est\u00e1n disponibles en:<\/p><p><a href=\"https:\/\/www.antalyadailycitytours.com\/\">Ingl\u00e9s<\/a><\/p><p><a href=\"https:\/\/www.antalyadailycitytours.com\/ru\/\">ruso<\/a><\/p><p><a href=\"https:\/\/www.antalyadailycitytours.com\/de\/\">Alem\u00e1n<\/a><\/p><p><a href=\"https:\/\/www.dailycitytoursantalya.com\/fr\/\">Franc\u00e9s<\/a><\/p><p><a href=\"https:\/\/www.dailycitytoursantalya.com\/esp\/\">Espa\u00f1ol<\/a><\/p><p><a href=\"https:\/\/www.dailycitytoursantalya.com\/it\/\">italiano<\/a><\/p><p>Nuestro equipo de reservas encontrar\u00e1 el mejor tour en el que se hable su idioma para que su exploraci\u00f3n de las atracciones cercanas sea a\u00fan m\u00e1s placentera.<\/p><p>Elige tu ubicaci\u00f3n u hotel<\/p><p>La informaci\u00f3n precisa sobre la ubicaci\u00f3n nos facilita recogerlo para recorridos por atracciones cercanas. Al realizar la reserva, proporcione el nombre o la direcci\u00f3n correctos del hotel. Si no est\u00e1 seguro, simplemente env\u00edenos la confirmaci\u00f3n de su reserva de hotel y confirmaremos los detalles con su alojamiento.<\/p><p>Confirmaci\u00f3n de reserva para atracciones locales cercanas a usted<\/p><p>Una vez que env\u00ede una solicitud en l\u00ednea, nuestro equipo de reservas confirmar\u00e1 r\u00e1pidamente su reserva para las mejores atracciones locales cercanas a usted. Queremos que su proceso de reserva sea fluido y sin preocupaciones.<\/p><p>Opciones de pago flexibles<\/p><p>Ofrecemos una variedad de m\u00e9todos de pago para satisfacer sus necesidades al reservar atracciones cerca de m\u00ed:<\/p><p>Pago en l\u00ednea<\/p><p>transferencia bancaria<\/p><p>pago con tarjeta de cr\u00e9dito<\/p><p>Pago en efectivo el d\u00eda del tour.<\/p><p>Elige la opci\u00f3n de pago que m\u00e1s te convenga.<\/p><p>Reserva por tel\u00e9fono (WhatsApp, Viber, Telegram)<\/p><p>\u00bfNecesita una forma r\u00e1pida de reservar atracciones cerca de usted? Tambi\u00e9n puedes reservar a trav\u00e9s de aplicaciones de mensajer\u00eda populares como estas:<\/p><p>Whatsapp<\/p><p>viber<\/p><p>Telegrama<\/p><p>Siempre estamos disponibles para ayudarte a reservar tu pr\u00f3xima aventura de inmediato.<\/p><p>Para operadores tur\u00edsticos, agencias de viajes y socios<\/p><p>Si es operador tur\u00edstico, agente de viajes o socio, nos gustar\u00eda trabajar con usted. Somos una agencia de viajes altamente capacitada y especializada en servicios VIP exclusivos.\u00a0 Podemos organizar recorridos por atracciones cercanas a sus clientes en Antalya, Alanya, Kemer y Belek. Env\u00edenos un correo electr\u00f3nico y trabajaremos juntos para brindarles a sus invitados una experiencia agradable y fluida.<\/p>Tenga en cuenta: Tambi\u00e9n ofrecemos tours halal en Antalya, Capadocia y Pamukkale como una agencia de viajes halal confiable, lo que garantiza una experiencia de viaje c\u00f3moda y culturalmente respetuosa.<\/li><\/ol>\t\t\t\t\t\t\t\t<\/div>\n\t\t\t\t<\/div>\n\t\t\t\t\t<\/div>\n\t\t<\/div>\n\t\t\t\t\t<\/div>\n\t\t<\/section>\n\t\t\t\t<section class=\"elementor-section elementor-top-section elementor-element elementor-element-5fb20e6d elementor-section-boxed elementor-section-height-default elementor-section-height-default row-top\" data-id=\"5fb20e6d\" data-element_type=\"section\">\n\t\t\t\t\t\t<div class=\"elementor-container elementor-column-gap-default\">\n\t\t\t\t\t<div class=\"elementor-column elementor-col-33 elementor-top-column elementor-element elementor-element-309a14e4\" data-id=\"309a14e4\" data-element_type=\"column\">\n\t\t\t<div class=\"elementor-widget-wrap elementor-element-populated\">\n\t\t\t\t\t\t<div class=\"elementor-element elementor-element-36df87fd elementor-view-stacked elementor-position-left elementor-vertical-align-middle elementor-shape-circle elementor-mobile-position-top elementor-widget elementor-widget-icon-box\" data-id=\"36df87fd\" data-element_type=\"widget\" data-widget_type=\"icon-box.default\">\n\t\t\t\t<div class=\"elementor-widget-container\">\n\t\t\t\t\t\t\t<div class=\"elementor-icon-box-wrapper\">\n\n\t\t\t\t\t\t<div class=\"elementor-icon-box-icon\">\n\t\t\t\t<a href=\"tel:+90%20544%20769%2010%2071\" class=\"elementor-icon\" tabindex=\"-1\" aria-label=\"Tel\u00e9fono\">\n\t\t\t\t<i aria-hidden=\"true\" class=\" flaticon-phone-call-1\"><\/i>\t\t\t\t<\/a>\n\t\t\t<\/div>\n\t\t\t\n\t\t\t\t\t\t<div class=\"elementor-icon-box-content\">\n\n\t\t\t\t\t\t\t\t\t<h3 class=\"elementor-icon-box-title\">\n\t\t\t\t\t\t<a href=\"tel:+90%20544%20769%2010%2071\" >\n\t\t\t\t\t\t\tTel\u00e9fono\t\t\t\t\t\t<\/a>\n\t\t\t\t\t<\/h3>\n\t\t\t\t\n\t\t\t\t\t\t\t\t\t<p class=\"elementor-icon-box-description\">\n\t\t\t\t\t\t<a class=\"body-color\" href=\"tel:+905447691071\">\n+90 544 769 10 71\n<\/a>\t\t\t\t\t<\/p>\n\t\t\t\t\n\t\t\t<\/div>\n\t\t\t\n\t\t<\/div>\n\t\t\t\t\t\t<\/div>\n\t\t\t\t<\/div>\n\t\t\t\t\t<\/div>\n\t\t<\/div>\n\t\t\t\t<div class=\"elementor-column elementor-col-33 elementor-top-column elementor-element elementor-element-4030da8f\" data-id=\"4030da8f\" data-element_type=\"column\">\n\t\t\t<div class=\"elementor-widget-wrap elementor-element-populated\">\n\t\t\t\t\t\t<div class=\"elementor-element elementor-element-450afa9d elementor-view-stacked elementor-position-left elementor-vertical-align-middle elementor-shape-circle elementor-mobile-position-top elementor-widget elementor-widget-icon-box\" data-id=\"450afa9d\" data-element_type=\"widget\" data-widget_type=\"icon-box.default\">\n\t\t\t\t<div class=\"elementor-widget-container\">\n\t\t\t\t\t\t\t<div class=\"elementor-icon-box-wrapper\">\n\n\t\t\t\t\t\t<div class=\"elementor-icon-box-icon\">\n\t\t\t\t<a href=\"tel:+90%20532%20342%2035%2032\" class=\"elementor-icon\" tabindex=\"-1\" aria-label=\"Tel\u00e9fono\">\n\t\t\t\t<i aria-hidden=\"true\" class=\" flaticon-phone-call-1\"><\/i>\t\t\t\t<\/a>\n\t\t\t<\/div>\n\t\t\t\n\t\t\t\t\t\t<div class=\"elementor-icon-box-content\">\n\n\t\t\t\t\t\t\t\t\t<h3 class=\"elementor-icon-box-title\">\n\t\t\t\t\t\t<a href=\"tel:+90%20532%20342%2035%2032\" >\n\t\t\t\t\t\t\tTel\u00e9fono\t\t\t\t\t\t<\/a>\n\t\t\t\t\t<\/h3>\n\t\t\t\t\n\t\t\t\t\t\t\t\t\t<p class=\"elementor-icon-box-description\">\n\t\t\t\t\t\t<a class=\"body-color\" href=\"tel:+905323423532\">\n+90 532 342 35 32\n<\/a>\t\t\t\t\t<\/p>\n\t\t\t\t\n\t\t\t<\/div>\n\t\t\t\n\t\t<\/div>\n\t\t\t\t\t\t<\/div>\n\t\t\t\t<\/div>\n\t\t\t\t\t<\/div>\n\t\t<\/div>\n\t\t\t\t<div class=\"elementor-column elementor-col-33 elementor-top-column elementor-element elementor-element-216523ac\" data-id=\"216523ac\" data-element_type=\"column\">\n\t\t\t<div class=\"elementor-widget-wrap elementor-element-populated\">\n\t\t\t\t\t\t<div class=\"elementor-element elementor-element-7a08077b elementor-view-stacked elementor-position-left elementor-vertical-align-middle elementor-shape-circle elementor-mobile-position-top elementor-widget elementor-widget-icon-box\" data-id=\"7a08077b\" data-element_type=\"widget\" data-widget_type=\"icon-box.default\">\n\t\t\t\t<div class=\"elementor-widget-container\">\n\t\t\t\t\t\t\t<div class=\"elementor-icon-box-wrapper\">\n\n\t\t\t\t\t\t<div class=\"elementor-icon-box-icon\">\n\t\t\t\t<a href=\"mailto:info@antalyadailycitytours.com\" class=\"elementor-icon\" tabindex=\"-1\" aria-label=\"Email\">\n\t\t\t\t<i aria-hidden=\"true\" class=\" flaticon-at\"><\/i>\t\t\t\t<\/a>\n\t\t\t<\/div>\n\t\t\t\n\t\t\t\t\t\t<div class=\"elementor-icon-box-content\">\n\n\t\t\t\t\t\t\t\t\t<h3 class=\"elementor-icon-box-title\">\n\t\t\t\t\t\t<a href=\"mailto:info@antalyadailycitytours.com\" >\n\t\t\t\t\t\t\tEmail\t\t\t\t\t\t<\/a>\n\t\t\t\t\t<\/h3>\n\t\t\t\t\n\t\t\t\t\t\t\t\t\t<p class=\"elementor-icon-box-description\">\n\t\t\t\t\t\t<a class=\"body-color\" href=\"mailto:info@antalyadailycitytours.com\">\ninfo@antalyadailycitytours.com\n<\/a>\t\t\t\t\t<\/p>\n\t\t\t\t\n\t\t\t<\/div>\n\t\t\t\n\t\t<\/div>\n\t\t\t\t\t\t<\/div>\n\t\t\t\t<\/div>\n\t\t\t\t\t<\/div>\n\t\t<\/div>\n\t\t\t\t\t<\/div>\n\t\t<\/section>\n\t\t\t\t<\/div>\n\t\t","protected":false},"excerpt":{"rendered":"<p>There are many of lorem ipsum available but the have in some form.<\/p>\n","protected":false},"author":1,"featured_media":0,"parent":0,"menu_order":0,"comment_status":"closed","ping_status":"closed","template":"","meta":{"footnotes":""},"class_list":["post-498","page","type-page","status-publish","hentry"],"yoast_head":"<!-- This site is optimized with the Yoast SEO plugin v25.5 - https:\/\/yoast.com\/wordpress\/plugins\/seo\/ -->\n<title>Encuentra y reserva atracciones cerca de m\u00ed - Excursiones de un d\u00eda en Antalya<\/title>\n<meta name=\"description\" content=\"Descubra y reserve las mejores atracciones cerca de m\u00ed con 1071 VUDAA Travel. Disfrute de excursiones multiling\u00fces en Antalya.\" \/>\n<meta name=\"robots\" content=\"index, follow, max-snippet:-1, max-image-preview:large, max-video-preview:-1\" \/>\n<link rel=\"canonical\" href=\"https:\/\/www.dailycitytoursantalya.com\/esp\/atracciones-cerca-de-mi\/\" \/>\n<meta property=\"og:locale\" content=\"en_GB\" \/>\n<meta property=\"og:type\" content=\"article\" \/>\n<meta property=\"og:title\" content=\"Encuentra y reserva atracciones cerca de m\u00ed - Excursiones de un d\u00eda en Antalya\" \/>\n<meta property=\"og:description\" content=\"Descubra y reserve las mejores atracciones cerca de m\u00ed con 1071 VUDAA Travel. Disfrute de excursiones multiling\u00fces en Antalya.\" \/>\n<meta property=\"og:url\" content=\"https:\/\/www.dailycitytoursantalya.com\/esp\/atracciones-cerca-de-mi\/\" \/>\n<meta property=\"og:site_name\" content=\"Excursiones de un d\u00eda en Antalya\" \/>\n<meta property=\"article:modified_time\" content=\"2025-08-14T19:32:36+00:00\" \/>\n<meta name=\"twitter:card\" content=\"summary_large_image\" \/>\n<meta name=\"twitter:label1\" content=\"Estimated reading time\" \/>\n\t<meta name=\"twitter:data1\" content=\"3 minutes\" \/>\n<script type=\"application\/ld+json\" class=\"yoast-schema-graph\">{\"@context\":\"https:\/\/schema.org\",\"@graph\":[{\"@type\":\"WebPage\",\"@id\":\"https:\/\/www.dailycitytoursantalya.com\/esp\/atracciones-cerca-de-mi\/\",\"url\":\"https:\/\/www.dailycitytoursantalya.com\/esp\/atracciones-cerca-de-mi\/\",\"name\":\"Encuentra y reserva atracciones cerca de m\u00ed - Excursiones de un d\u00eda en Antalya\",\"isPartOf\":{\"@id\":\"https:\/\/www.dailycitytoursantalya.com\/esp\/#website\"},\"datePublished\":\"2021-03-15T07:13:42+00:00\",\"dateModified\":\"2025-08-14T19:32:36+00:00\",\"description\":\"Descubra y reserve las mejores atracciones cerca de m\u00ed con 1071 VUDAA Travel. Disfrute de excursiones multiling\u00fces en Antalya.\",\"breadcrumb\":{\"@id\":\"https:\/\/www.dailycitytoursantalya.com\/esp\/atracciones-cerca-de-mi\/#breadcrumb\"},\"inLanguage\":\"en-GB\",\"potentialAction\":[{\"@type\":\"ReadAction\",\"target\":[\"https:\/\/www.dailycitytoursantalya.com\/esp\/atracciones-cerca-de-mi\/\"]}]},{\"@type\":\"BreadcrumbList\",\"@id\":\"https:\/\/www.dailycitytoursantalya.com\/esp\/atracciones-cerca-de-mi\/#breadcrumb\",\"itemListElement\":[{\"@type\":\"ListItem\",\"position\":1,\"name\":\"Home\",\"item\":\"https:\/\/www.dailycitytoursantalya.com\/esp\/\"},{\"@type\":\"ListItem\",\"position\":2,\"name\":\"Encuentra y reserva atracciones cerca de m\u00ed\"}]},{\"@type\":\"WebSite\",\"@id\":\"https:\/\/www.dailycitytoursantalya.com\/esp\/#website\",\"url\":\"https:\/\/www.dailycitytoursantalya.com\/esp\/\",\"name\":\"Excursiones de un d\u00eda en Antalya\",\"description\":\"Excursiones en Antalya\",\"potentialAction\":[{\"@type\":\"SearchAction\",\"target\":{\"@type\":\"EntryPoint\",\"urlTemplate\":\"https:\/\/www.dailycitytoursantalya.com\/esp\/?s={search_term_string}\"},\"query-input\":{\"@type\":\"PropertyValueSpecification\",\"valueRequired\":true,\"valueName\":\"search_term_string\"}}],\"inLanguage\":\"en-GB\"}]}<\/script>\n<!-- \/ Yoast SEO plugin. -->","yoast_head_json":{"title":"Encuentra y reserva atracciones cerca de m\u00ed - Excursiones de un d\u00eda en Antalya","description":"Descubra y reserve las mejores atracciones cerca de m\u00ed con 1071 VUDAA Travel. Disfrute de excursiones multiling\u00fces en Antalya.","robots":{"index":"index","follow":"follow","max-snippet":"max-snippet:-1","max-image-preview":"max-image-preview:large","max-video-preview":"max-video-preview:-1"},"canonical":"https:\/\/www.dailycitytoursantalya.com\/esp\/atracciones-cerca-de-mi\/","og_locale":"en_GB","og_type":"article","og_title":"Encuentra y reserva atracciones cerca de m\u00ed - Excursiones de un d\u00eda en Antalya","og_description":"Descubra y reserve las mejores atracciones cerca de m\u00ed con 1071 VUDAA Travel. Disfrute de excursiones multiling\u00fces en Antalya.","og_url":"https:\/\/www.dailycitytoursantalya.com\/esp\/atracciones-cerca-de-mi\/","og_site_name":"Excursiones de un d\u00eda en Antalya","article_modified_time":"2025-08-14T19:32:36+00:00","twitter_card":"summary_large_image","twitter_misc":{"Estimated reading time":"3 minutes"},"schema":{"@context":"https:\/\/schema.org","@graph":[{"@type":"WebPage","@id":"https:\/\/www.dailycitytoursantalya.com\/esp\/atracciones-cerca-de-mi\/","url":"https:\/\/www.dailycitytoursantalya.com\/esp\/atracciones-cerca-de-mi\/","name":"Encuentra y reserva atracciones cerca de m\u00ed - Excursiones de un d\u00eda en Antalya","isPartOf":{"@id":"https:\/\/www.dailycitytoursantalya.com\/esp\/#website"},"datePublished":"2021-03-15T07:13:42+00:00","dateModified":"2025-08-14T19:32:36+00:00","description":"Descubra y reserve las mejores atracciones cerca de m\u00ed con 1071 VUDAA Travel. Disfrute de excursiones multiling\u00fces en Antalya.","breadcrumb":{"@id":"https:\/\/www.dailycitytoursantalya.com\/esp\/atracciones-cerca-de-mi\/#breadcrumb"},"inLanguage":"en-GB","potentialAction":[{"@type":"ReadAction","target":["https:\/\/www.dailycitytoursantalya.com\/esp\/atracciones-cerca-de-mi\/"]}]},{"@type":"BreadcrumbList","@id":"https:\/\/www.dailycitytoursantalya.com\/esp\/atracciones-cerca-de-mi\/#breadcrumb","itemListElement":[{"@type":"ListItem","position":1,"name":"Home","item":"https:\/\/www.dailycitytoursantalya.com\/esp\/"},{"@type":"ListItem","position":2,"name":"Encuentra y reserva atracciones cerca de m\u00ed"}]},{"@type":"WebSite","@id":"https:\/\/www.dailycitytoursantalya.com\/esp\/#website","url":"https:\/\/www.dailycitytoursantalya.com\/esp\/","name":"Excursiones de un d\u00eda en Antalya","description":"Excursiones en Antalya","potentialAction":[{"@type":"SearchAction","target":{"@type":"EntryPoint","urlTemplate":"https:\/\/www.dailycitytoursantalya.com\/esp\/?s={search_term_string}"},"query-input":{"@type":"PropertyValueSpecification","valueRequired":true,"valueName":"search_term_string"}}],"inLanguage":"en-GB"}]}},"_links":{"self":[{"href":"https:\/\/www.dailycitytoursantalya.com\/esp\/wp-json\/wp\/v2\/pages\/498","targetHints":{"allow":["GET"]}}],"collection":[{"href":"https:\/\/www.dailycitytoursantalya.com\/esp\/wp-json\/wp\/v2\/pages"}],"about":[{"href":"https:\/\/www.dailycitytoursantalya.com\/esp\/wp-json\/wp\/v2\/types\/page"}],"author":[{"embeddable":true,"href":"https:\/\/www.dailycitytoursantalya.com\/esp\/wp-json\/wp\/v2\/users\/1"}],"replies":[{"embeddable":true,"href":"https:\/\/www.dailycitytoursantalya.com\/esp\/wp-json\/wp\/v2\/comments?post=498"}],"version-history":[{"count":53,"href":"https:\/\/www.dailycitytoursantalya.com\/esp\/wp-json\/wp\/v2\/pages\/498\/revisions"}],"predecessor-version":[{"id":3216,"href":"https:\/\/www.dailycitytoursantalya.com\/esp\/wp-json\/wp\/v2\/pages\/498\/revisions\/3216"}],"wp:attachment":[{"href":"https:\/\/www.dailycitytoursantalya.com\/esp\/wp-json\/wp\/v2\/media?parent=498"}],"curies":[{"name":"wp","href":"https:\/\/api.w.org\/{rel}","templated":true}]}}