{"id":21,"date":"2020-12-08T03:53:12","date_gmt":"2020-12-08T03:53:12","guid":{"rendered":"https:\/\/gaviaspreview.com\/wp\/tevily\/?page_id=21"},"modified":"2024-09-17T09:19:03","modified_gmt":"2024-09-17T09:19:03","slug":"la-mejor-agencia-de-viajes-en-antalya","status":"publish","type":"page","link":"https:\/\/www.dailycitytoursantalya.com\/esp\/la-mejor-agencia-de-viajes-en-antalya\/","title":{"rendered":"Sobre nosotras"},"content":{"rendered":"\t\t<div data-elementor-type=\"wp-page\" data-elementor-id=\"21\" class=\"elementor elementor-21\">\n\t\t\t\t\t\t<section class=\"elementor-section elementor-top-section elementor-element elementor-element-027b947 elementor-section-full_width elementor-section-height-default elementor-section-height-default row-top\" data-id=\"027b947\" data-element_type=\"section\">\n\t\t\t\t\t\t<div class=\"elementor-container elementor-column-gap-default\">\n\t\t\t\t\t<div class=\"elementor-column elementor-col-100 elementor-top-column elementor-element elementor-element-d0bf791\" data-id=\"d0bf791\" data-element_type=\"column\">\n\t\t\t<div class=\"elementor-widget-wrap elementor-element-populated\">\n\t\t\t\t\t\t<div class=\"elementor-element elementor-element-41e2072 elementor-widget elementor-widget-gva_post_breadcrumb\" data-id=\"41e2072\" data-element_type=\"widget\" data-widget_type=\"gva_post_breadcrumb.default\">\n\t\t\t\t<div class=\"elementor-widget-container\">\n\t\t\t\t\t<div class=\"gva-element-gva_post_breadcrumb gva-element\">   \r\n<div class=\"post-breadcrumb\">\r\n   <div class=\"custom-breadcrumb \" >\r\n               <div class=\"breadcrumb-overlay\" style=\"\"><\/div>\r\n            <div class=\"breadcrumb-main\">\r\n        <div class=\"container\">\r\n          <div class=\"breadcrumb-container-inner\">\r\n            <h2 class=\"heading-title\">Sobre nosotras<\/h2><ol class=\"breadcrumb\"><li><a href=\"https:\/\/www.dailycitytoursantalya.com\/esp\">Home<\/a> <\/li> <li class=\"active\">Page<\/li><\/ol>          <\/div>  \r\n        <\/div>   \r\n      <\/div>  \r\n   <\/div>\r\n<\/div>      \r\n\r\n<\/div>\t\t\t\t<\/div>\n\t\t\t\t<\/div>\n\t\t\t\t\t<\/div>\n\t\t<\/div>\n\t\t\t\t\t<\/div>\n\t\t<\/section>\n\t\t\t\t<section class=\"elementor-section elementor-top-section elementor-element elementor-element-cfe9709 elementor-section-boxed elementor-section-height-default elementor-section-height-default row-top\" data-id=\"cfe9709\" data-element_type=\"section\">\n\t\t\t\t\t\t<div class=\"elementor-container elementor-column-gap-default\">\n\t\t\t\t\t<div class=\"elementor-column elementor-col-50 elementor-top-column elementor-element elementor-element-bdc7059\" data-id=\"bdc7059\" data-element_type=\"column\">\n\t\t\t<div class=\"elementor-widget-wrap elementor-element-populated\">\n\t\t\t\t\t\t<div class=\"elementor-element elementor-element-be60f00 elementor-widget elementor-widget-image\" data-id=\"be60f00\" data-element_type=\"widget\" data-widget_type=\"image.default\">\n\t\t\t\t<div class=\"elementor-widget-container\">\n\t\t\t\t\t\t\t\t\t\t\t\t\t\t\t<img fetchpriority=\"high\" decoding=\"async\" width=\"800\" height=\"880\" src=\"https:\/\/www.dailycitytoursantalya.com\/esp\/wp-content\/uploads\/2021\/10\/image-13.jpg\" class=\"attachment-full size-full wp-image-1027\" alt=\"\" srcset=\"https:\/\/www.dailycitytoursantalya.com\/esp\/wp-content\/uploads\/2021\/10\/image-13.jpg 800w, https:\/\/www.dailycitytoursantalya.com\/esp\/wp-content\/uploads\/2021\/10\/image-13-768x845.jpg 768w\" sizes=\"(max-width: 800px) 100vw, 800px\" \/>\t\t\t\t\t\t\t\t\t\t\t\t\t\t\t<\/div>\n\t\t\t\t<\/div>\n\t\t\t\t\t<\/div>\n\t\t<\/div>\n\t\t\t\t<div class=\"elementor-column elementor-col-50 elementor-top-column elementor-element elementor-element-b600727\" data-id=\"b600727\" data-element_type=\"column\">\n\t\t\t<div class=\"elementor-widget-wrap elementor-element-populated\">\n\t\t\t\t\t\t<div class=\"elementor-element elementor-element-3ce9dddb elementor-widget elementor-widget-gva-heading-block\" data-id=\"3ce9dddb\" data-element_type=\"widget\" data-widget_type=\"gva-heading-block.default\">\n\t\t\t\t<div class=\"elementor-widget-container\">\n\t\t\t\t\t<div class=\"gva-element-gva-heading-block gva-element\">   <div class=\"align-left style-1 widget gsc-heading box-align-left auto-responsive\">\r\n      <div class=\"content-inner\">\r\n         \r\n                  \r\n                     <div class=\"sub-title\"><span>La mejor agencia de viajes en Antalya<\/span><\/div>\r\n           \r\n         \r\n                     <h2 class=\"title\">\r\n               <span>1071 VUDAA TRAVEL \u2013 La mejor agencia de viajes en Antalya<\/span>\r\n            <\/h2>\r\n                              <div class=\"title-desc\">\u00bfEst\u00e1s buscando la mejor agencia de viajes en Antalya? 1071 VUDAA TRAVEL ofrece tours personalizados, servicios VIP y gu\u00edas tur\u00edsticos expertos. Cont\u00e1ctenos las 24 horas del d\u00eda, los 7 d\u00edas de la semana para vivir una experiencia de viaje premium en Turqu\u00eda.<\/div>\r\n         \r\n         \r\n      <\/div>\r\n   <\/div>\r\n<\/div>\t\t\t\t<\/div>\n\t\t\t\t<\/div>\n\t\t\t\t<div class=\"elementor-element elementor-element-3472887 elementor-widget elementor-widget-text-editor\" data-id=\"3472887\" data-element_type=\"widget\" data-widget_type=\"text-editor.default\">\n\t\t\t\t<div class=\"elementor-widget-container\">\n\t\t\t\t\t\t\t\t\t<p>Desde 2005, 1071 VUDAA TRAVEL ha sido considerada la mejor agencia de viajes de Antalya y ofrece una amplia gama de servicios de viaje exclusivos dise\u00f1ados para brindar a cada hu\u00e9sped una experiencia personalizada e inolvidable. Con m\u00e1s de 50 socios internacionales, nos especializamos en servicios VIP, tours a medida, traslados privados y tours en grupo por <a href=\"https:\/\/en.wikipedia.org\/wiki\/Antalya\">Antalya<\/a>, Turqu\u00eda y el norte de Chipre.<\/p><p>Como la mejor agencia de viajes de Antalya, estamos registrados oficialmente en <a href=\"https:\/\/www.tursab.org.tr\/homepage\">la Asociaci\u00f3n de Agencias de Viajes de Turqu\u00eda<\/a> (n\u00famero de licencia 14813) y podemos garantizar a nuestros clientes nuestra profesionalidad y altos est\u00e1ndares de calidad.<\/p><p>Por qu\u00e9 somos <a href=\"https:\/\/www.dailycitytoursantalya.com\/esp\/\">la mejor agencia de viajes en Antalya<\/a><\/p><p>Experiencias de viaje personalizadas: ofrecemos itinerarios personalizados, asegurando que se cumplan las preferencias individuales de cada hu\u00e9sped.<\/p><p>Paquetes de viaje a medida: \u00bfNo encuentra el destino que desea en nuestra web? Organizamos viajes a cualquier lugar previa solicitud, incluidas ciudades y regiones de Turqu\u00eda y Chipre.<\/p><p>Soporte multiling\u00fce: Nuestro equipo est\u00e1 disponible en ingl\u00e9s, ruso, alem\u00e1n, franc\u00e9s, espa\u00f1ol e italiano para garantizar una comunicaci\u00f3n y un servicio fluidos.<\/p><p>Satisfacci\u00f3n garantizada con gu\u00edas tur\u00edsticos profesionales.<\/p><p>Como agencia de viajes l\u00edder en Antalya, solo trabajamos con gu\u00edas tur\u00edsticos profesionales autorizados para garantizar el 100% de satisfacci\u00f3n en todos nuestros tours. Ya sea que est\u00e9 explorando Antalya u otros destinos en Turqu\u00eda, nuestros gu\u00edas tur\u00edsticos le garantizar\u00e1n una experiencia \u00fanica y enriquecedora.<\/p><p>Contacto 24 horas al d\u00eda, 7 d\u00edas a la semana: \u00a1estamos a solo un clic de distancia!<\/p><p>\u00a1P\u00f3ngase en contacto con la mejor agencia de viajes de Antalya en cualquier momento! Nuestro equipo est\u00e1 disponible 24 horas al d\u00eda, 7 d\u00edas a la semana a trav\u00e9s de WhatsApp, Viber y Telegram para cualquier consulta o reserva:<\/p><p>+90 544 769 10 71<\/p><p>+90 532 342 35 32<\/p><p>Estamos aqu\u00ed para ayudarle con todo, desde reservas de \u00faltima hora hasta la creaci\u00f3n de recorridos personalizados que se adapten a sus necesidades exactas.<\/p><p>Para operadores tur\u00edsticos, agencias de viajes y socios<\/p><p>Si es un operador tur\u00edstico, agente de viajes o socio que busca cooperar con la mejor agencia de viajes de Antalya, ha venido al lugar correcto. Ofrecemos servicios de procesamiento de viajes en toda Turqu\u00eda y el norte de Chipre, garantizando que sus hu\u00e9spedes reciban un servicio y comodidad de primera clase durante su estad\u00eda.<\/p><p>Env\u00edenos un correo electr\u00f3nico hoy para explorar oportunidades de asociaci\u00f3n y perm\u00edtanos mejorar la experiencia de sus clientes con los mejores servicios de viajes que Antalya tiene para ofrecer.<\/p>\t\t\t\t\t\t\t\t<\/div>\n\t\t\t\t<\/div>\n\t\t\t\t\t<\/div>\n\t\t<\/div>\n\t\t\t\t\t<\/div>\n\t\t<\/section>\n\t\t\t\t<section class=\"elementor-section elementor-top-section elementor-element elementor-element-b74e401 bg-row-theme elementor-section-boxed elementor-section-height-default elementor-section-height-default row-top\" data-id=\"b74e401\" data-element_type=\"section\" data-settings=\"{&quot;background_background&quot;:&quot;classic&quot;}\">\n\t\t\t\t\t\t<div class=\"elementor-container elementor-column-gap-default\">\n\t\t\t\t\t<div class=\"elementor-column elementor-col-50 elementor-top-column elementor-element elementor-element-8bfc06c\" data-id=\"8bfc06c\" data-element_type=\"column\">\n\t\t\t<div class=\"elementor-widget-wrap elementor-element-populated\">\n\t\t\t\t\t\t<div class=\"elementor-element elementor-element-c3d005f elementor-widget elementor-widget-gva-heading-block\" data-id=\"c3d005f\" data-element_type=\"widget\" data-widget_type=\"gva-heading-block.default\">\n\t\t\t\t<div class=\"elementor-widget-container\">\n\t\t\t\t\t<div class=\"gva-element-gva-heading-block gva-element\">   <div class=\"align-left style-1 widget gsc-heading box-align-left auto-responsive\">\r\n      <div class=\"content-inner\">\r\n         \r\n                  \r\n                     <div class=\"sub-title\"><span>Planifica tu viaje con nosotras<\/span><\/div>\r\n           \r\n         \r\n                     <h2 class=\"title\">\r\n               <span>\u00bfLista para una gira inolvidable?<\/span>\r\n            <\/h2>\r\n                  \r\n         \r\n      <\/div>\r\n   <\/div>\r\n<\/div>\t\t\t\t<\/div>\n\t\t\t\t<\/div>\n\t\t\t\t\t<\/div>\n\t\t<\/div>\n\t\t\t\t<div class=\"elementor-column elementor-col-50 elementor-top-column elementor-element elementor-element-7263e67\" data-id=\"7263e67\" data-element_type=\"column\">\n\t\t\t<div class=\"elementor-widget-wrap elementor-element-populated\">\n\t\t\t\t\t\t<div class=\"elementor-element elementor-element-8d01887 elementor-widget__width-auto elementor-widget elementor-widget-html\" data-id=\"8d01887\" data-element_type=\"widget\" data-widget_type=\"html.default\">\n\t\t\t\t<div class=\"elementor-widget-container\">\n\t\t\t\t\t<a class=\"btn-black btn-medium\" href=\"\/tours\">\n    Consulta Nuestros Tours Ahora\n<\/a>\t\t\t\t<\/div>\n\t\t\t\t<\/div>\n\t\t\t\t\t<\/div>\n\t\t<\/div>\n\t\t\t\t\t<\/div>\n\t\t<\/section>\n\t\t\t\t<section class=\"elementor-section elementor-top-section elementor-element elementor-element-b14ccd3 elementor-section-boxed elementor-section-height-default elementor-section-height-default row-top\" data-id=\"b14ccd3\" data-element_type=\"section\" data-settings=\"{&quot;background_background&quot;:&quot;classic&quot;}\">\n\t\t\t\t\t\t<div class=\"elementor-container elementor-column-gap-default\">\n\t\t\t\t\t<div class=\"elementor-column elementor-col-100 elementor-top-column elementor-element elementor-element-8d88d77\" data-id=\"8d88d77\" data-element_type=\"column\">\n\t\t\t<div class=\"elementor-widget-wrap elementor-element-populated\">\n\t\t\t\t\t\t<div class=\"elementor-element elementor-element-6aa254a elementor-widget elementor-widget-gva-heading-block\" data-id=\"6aa254a\" data-element_type=\"widget\" data-widget_type=\"gva-heading-block.default\">\n\t\t\t\t<div class=\"elementor-widget-container\">\n\t\t\t\t\t<div class=\"gva-element-gva-heading-block gva-element\">   <div class=\"align-center style-1 widget gsc-heading box-align-center auto-responsive\">\r\n      <div class=\"content-inner\">\r\n         \r\n                              <div class=\"heading-video\">\r\n            <a class=\"video-link popup-video\" href=\"#\"><i class=\"fa fa-play\"><\/i><\/a>\r\n            <\/div>\r\n         \r\n                     <div class=\"sub-title\"><span>\u00bfEst\u00e1s lista para viajar?<\/span><\/div>\r\n           \r\n         \r\n                     <h2 class=\"title\">\r\n               <span>Vudaa es una plataforma l\u00edder de reservas de tours en l\u00ednea<\/span>\r\n            <\/h2>\r\n                  \r\n         \r\n      <\/div>\r\n   <\/div>\r\n<\/div>\t\t\t\t<\/div>\n\t\t\t\t<\/div>\n\t\t\t\t\t<\/div>\n\t\t<\/div>\n\t\t\t\t\t<\/div>\n\t\t<\/section>\n\t\t\t\t<section class=\"elementor-section elementor-top-section elementor-element elementor-element-d07aa4d elementor-section-boxed elementor-section-height-default elementor-section-height-default row-top\" data-id=\"d07aa4d\" data-element_type=\"section\">\n\t\t\t\t\t\t<div class=\"elementor-container elementor-column-gap-default\">\n\t\t\t\t\t<div class=\"elementor-column elementor-col-100 elementor-top-column elementor-element elementor-element-f45917e\" data-id=\"f45917e\" data-element_type=\"column\" data-settings=\"{&quot;background_background&quot;:&quot;classic&quot;}\">\n\t\t\t<div class=\"elementor-widget-wrap elementor-element-populated\">\n\t\t\t\t\t\t<section class=\"elementor-section elementor-inner-section elementor-element elementor-element-e271598 elementor-section-boxed elementor-section-height-default elementor-section-height-default row-top\" data-id=\"e271598\" data-element_type=\"section\">\n\t\t\t\t\t\t<div class=\"elementor-container elementor-column-gap-default\">\n\t\t\t\t\t<div class=\"elementor-column elementor-col-33 elementor-inner-column elementor-element elementor-element-c2fde7a\" data-id=\"c2fde7a\" data-element_type=\"column\">\n\t\t\t<div class=\"elementor-widget-wrap elementor-element-populated\">\n\t\t\t\t\t\t<div class=\"elementor-element elementor-element-3339dc2 elementor-widget elementor-widget-gva-counter\" data-id=\"3339dc2\" data-element_type=\"widget\" data-widget_type=\"gva-counter.default\">\n\t\t\t\t<div class=\"elementor-widget-container\">\n\t\t\t\t\t<div class=\"gva-element-gva-counter gva-element\">\r\n         <div class=\"widget milestone-block style-1\">\r\n         <div class=\"box-content\">\r\n            \r\n            <div class=\"milestone-content\">\r\n               <div class=\"milestone-number-inner\">\r\n                                    <span class=\"milestone-number\">70<\/span>\r\n                                 <\/div>\r\n                                 <div class=\"milestone-text\">\r\n                      Giras totales                  <\/div>\r\n                           <\/div>\r\n            \r\n            \r\n         <\/div>   \r\n      <\/div> \r\n   \r\n<\/div>\t\t\t\t<\/div>\n\t\t\t\t<\/div>\n\t\t\t\t\t<\/div>\n\t\t<\/div>\n\t\t\t\t<div class=\"elementor-column elementor-col-33 elementor-inner-column elementor-element elementor-element-cee5b07\" data-id=\"cee5b07\" data-element_type=\"column\">\n\t\t\t<div class=\"elementor-widget-wrap elementor-element-populated\">\n\t\t\t\t\t\t<div class=\"elementor-element elementor-element-9e21c4c elementor-widget elementor-widget-gva-counter\" data-id=\"9e21c4c\" data-element_type=\"widget\" data-widget_type=\"gva-counter.default\">\n\t\t\t\t<div class=\"elementor-widget-container\">\n\t\t\t\t\t<div class=\"gva-element-gva-counter gva-element\">\r\n         <div class=\"widget milestone-block style-1\">\r\n         <div class=\"box-content\">\r\n            \r\n            <div class=\"milestone-content\">\r\n               <div class=\"milestone-number-inner\">\r\n                                    <span class=\"milestone-number\">510<\/span>\r\n                                 <\/div>\r\n                                 <div class=\"milestone-text\">\r\n                      Giras completadas                  <\/div>\r\n                           <\/div>\r\n            \r\n            \r\n         <\/div>   \r\n      <\/div> \r\n   \r\n<\/div>\t\t\t\t<\/div>\n\t\t\t\t<\/div>\n\t\t\t\t\t<\/div>\n\t\t<\/div>\n\t\t\t\t<div class=\"elementor-column elementor-col-33 elementor-inner-column elementor-element elementor-element-4ffbfe3\" data-id=\"4ffbfe3\" data-element_type=\"column\">\n\t\t\t<div class=\"elementor-widget-wrap elementor-element-populated\">\n\t\t\t\t\t\t<div class=\"elementor-element elementor-element-9b77589 elementor-widget elementor-widget-gva-counter\" data-id=\"9b77589\" data-element_type=\"widget\" data-widget_type=\"gva-counter.default\">\n\t\t\t\t<div class=\"elementor-widget-container\">\n\t\t\t\t\t<div class=\"gva-element-gva-counter gva-element\">\r\n         <div class=\"widget milestone-block style-1\">\r\n         <div class=\"box-content\">\r\n            \r\n            <div class=\"milestone-content\">\r\n               <div class=\"milestone-number-inner\">\r\n                                    <span class=\"milestone-number\">2820<\/span>\r\n                                 <\/div>\r\n                                 <div class=\"milestone-text\">\r\n                      gente feliz                  <\/div>\r\n                           <\/div>\r\n            \r\n            \r\n         <\/div>   \r\n      <\/div> \r\n   \r\n<\/div>\t\t\t\t<\/div>\n\t\t\t\t<\/div>\n\t\t\t\t\t<\/div>\n\t\t<\/div>\n\t\t\t\t\t<\/div>\n\t\t<\/section>\n\t\t\t\t\t<\/div>\n\t\t<\/div>\n\t\t\t\t\t<\/div>\n\t\t<\/section>\n\t\t\t\t<\/div>\n\t\t","protected":false},"excerpt":{"rendered":"<p>Sobre nosotras Home Page La mejor agencia de viajes en Antalya 1071 VUDAA TRAVEL \u2013 La mejor agencia de viajes en Antalya \u00bfEst\u00e1s buscando la mejor agencia de viajes en [&hellip;]<\/p>\n","protected":false},"author":1,"featured_media":0,"parent":0,"menu_order":0,"comment_status":"closed","ping_status":"closed","template":"","meta":{"footnotes":""},"class_list":["post-21","page","type-page","status-publish","hentry"],"yoast_head":"<!-- This site is optimized with the Yoast SEO plugin v25.5 - https:\/\/yoast.com\/wordpress\/plugins\/seo\/ -->\n<title>Sobre nosotras - Excursiones de un d\u00eda en Antalya<\/title>\n<meta name=\"description\" content=\"Descubra por qu\u00e9 1071 VUDAA TRAVEL es la mejor agencia de viajes en Antalya. Ofrecemos servicios VIP, tours privados y traslados.\" \/>\n<meta name=\"robots\" content=\"index, follow, max-snippet:-1, max-image-preview:large, max-video-preview:-1\" \/>\n<link rel=\"canonical\" href=\"https:\/\/www.dailycitytoursantalya.com\/esp\/la-mejor-agencia-de-viajes-en-antalya\/\" \/>\n<meta property=\"og:locale\" content=\"en_GB\" \/>\n<meta property=\"og:type\" content=\"article\" \/>\n<meta property=\"og:title\" content=\"Sobre nosotras - Excursiones de un d\u00eda en Antalya\" \/>\n<meta property=\"og:description\" content=\"Descubra por qu\u00e9 1071 VUDAA TRAVEL es la mejor agencia de viajes en Antalya. Ofrecemos servicios VIP, tours privados y traslados.\" \/>\n<meta property=\"og:url\" content=\"https:\/\/www.dailycitytoursantalya.com\/esp\/la-mejor-agencia-de-viajes-en-antalya\/\" \/>\n<meta property=\"og:site_name\" content=\"Excursiones de un d\u00eda en Antalya\" \/>\n<meta property=\"article:modified_time\" content=\"2024-09-17T09:19:03+00:00\" \/>\n<meta property=\"og:image\" content=\"https:\/\/www.dailycitytoursantalya.com\/esp\/wp-content\/uploads\/2021\/10\/image-13.jpg\" \/>\n<meta name=\"twitter:card\" content=\"summary_large_image\" \/>\n<meta name=\"twitter:label1\" content=\"Estimated reading time\" \/>\n\t<meta name=\"twitter:data1\" content=\"2 minutes\" \/>\n<script type=\"application\/ld+json\" class=\"yoast-schema-graph\">{\"@context\":\"https:\/\/schema.org\",\"@graph\":[{\"@type\":\"WebPage\",\"@id\":\"https:\/\/www.dailycitytoursantalya.com\/esp\/la-mejor-agencia-de-viajes-en-antalya\/\",\"url\":\"https:\/\/www.dailycitytoursantalya.com\/esp\/la-mejor-agencia-de-viajes-en-antalya\/\",\"name\":\"Sobre nosotras - Excursiones de un d\u00eda en Antalya\",\"isPartOf\":{\"@id\":\"https:\/\/www.dailycitytoursantalya.com\/esp\/#website\"},\"primaryImageOfPage\":{\"@id\":\"https:\/\/www.dailycitytoursantalya.com\/esp\/la-mejor-agencia-de-viajes-en-antalya\/#primaryimage\"},\"image\":{\"@id\":\"https:\/\/www.dailycitytoursantalya.com\/esp\/la-mejor-agencia-de-viajes-en-antalya\/#primaryimage\"},\"thumbnailUrl\":\"https:\/\/www.dailycitytoursantalya.com\/esp\/wp-content\/uploads\/2021\/10\/image-13.jpg\",\"datePublished\":\"2020-12-08T03:53:12+00:00\",\"dateModified\":\"2024-09-17T09:19:03+00:00\",\"description\":\"Descubra por qu\u00e9 1071 VUDAA TRAVEL es la mejor agencia de viajes en Antalya. Ofrecemos servicios VIP, tours privados y traslados.\",\"breadcrumb\":{\"@id\":\"https:\/\/www.dailycitytoursantalya.com\/esp\/la-mejor-agencia-de-viajes-en-antalya\/#breadcrumb\"},\"inLanguage\":\"en-GB\",\"potentialAction\":[{\"@type\":\"ReadAction\",\"target\":[\"https:\/\/www.dailycitytoursantalya.com\/esp\/la-mejor-agencia-de-viajes-en-antalya\/\"]}]},{\"@type\":\"ImageObject\",\"inLanguage\":\"en-GB\",\"@id\":\"https:\/\/www.dailycitytoursantalya.com\/esp\/la-mejor-agencia-de-viajes-en-antalya\/#primaryimage\",\"url\":\"https:\/\/www.dailycitytoursantalya.com\/esp\/wp-content\/uploads\/2021\/10\/image-13.jpg\",\"contentUrl\":\"https:\/\/www.dailycitytoursantalya.com\/esp\/wp-content\/uploads\/2021\/10\/image-13.jpg\",\"width\":800,\"height\":880},{\"@type\":\"BreadcrumbList\",\"@id\":\"https:\/\/www.dailycitytoursantalya.com\/esp\/la-mejor-agencia-de-viajes-en-antalya\/#breadcrumb\",\"itemListElement\":[{\"@type\":\"ListItem\",\"position\":1,\"name\":\"Home\",\"item\":\"https:\/\/www.dailycitytoursantalya.com\/esp\/\"},{\"@type\":\"ListItem\",\"position\":2,\"name\":\"Sobre nosotras\"}]},{\"@type\":\"WebSite\",\"@id\":\"https:\/\/www.dailycitytoursantalya.com\/esp\/#website\",\"url\":\"https:\/\/www.dailycitytoursantalya.com\/esp\/\",\"name\":\"Excursiones de un d\u00eda en Antalya\",\"description\":\"Excursiones en Antalya\",\"potentialAction\":[{\"@type\":\"SearchAction\",\"target\":{\"@type\":\"EntryPoint\",\"urlTemplate\":\"https:\/\/www.dailycitytoursantalya.com\/esp\/?s={search_term_string}\"},\"query-input\":{\"@type\":\"PropertyValueSpecification\",\"valueRequired\":true,\"valueName\":\"search_term_string\"}}],\"inLanguage\":\"en-GB\"}]}<\/script>\n<!-- \/ Yoast SEO plugin. -->","yoast_head_json":{"title":"Sobre nosotras - Excursiones de un d\u00eda en Antalya","description":"Descubra por qu\u00e9 1071 VUDAA TRAVEL es la mejor agencia de viajes en Antalya. Ofrecemos servicios VIP, tours privados y traslados.","robots":{"index":"index","follow":"follow","max-snippet":"max-snippet:-1","max-image-preview":"max-image-preview:large","max-video-preview":"max-video-preview:-1"},"canonical":"https:\/\/www.dailycitytoursantalya.com\/esp\/la-mejor-agencia-de-viajes-en-antalya\/","og_locale":"en_GB","og_type":"article","og_title":"Sobre nosotras - Excursiones de un d\u00eda en Antalya","og_description":"Descubra por qu\u00e9 1071 VUDAA TRAVEL es la mejor agencia de viajes en Antalya. Ofrecemos servicios VIP, tours privados y traslados.","og_url":"https:\/\/www.dailycitytoursantalya.com\/esp\/la-mejor-agencia-de-viajes-en-antalya\/","og_site_name":"Excursiones de un d\u00eda en Antalya","article_modified_time":"2024-09-17T09:19:03+00:00","og_image":[{"url":"https:\/\/www.dailycitytoursantalya.com\/esp\/wp-content\/uploads\/2021\/10\/image-13.jpg","type":"","width":"","height":""}],"twitter_card":"summary_large_image","twitter_misc":{"Estimated reading time":"2 minutes"},"schema":{"@context":"https:\/\/schema.org","@graph":[{"@type":"WebPage","@id":"https:\/\/www.dailycitytoursantalya.com\/esp\/la-mejor-agencia-de-viajes-en-antalya\/","url":"https:\/\/www.dailycitytoursantalya.com\/esp\/la-mejor-agencia-de-viajes-en-antalya\/","name":"Sobre nosotras - Excursiones de un d\u00eda en Antalya","isPartOf":{"@id":"https:\/\/www.dailycitytoursantalya.com\/esp\/#website"},"primaryImageOfPage":{"@id":"https:\/\/www.dailycitytoursantalya.com\/esp\/la-mejor-agencia-de-viajes-en-antalya\/#primaryimage"},"image":{"@id":"https:\/\/www.dailycitytoursantalya.com\/esp\/la-mejor-agencia-de-viajes-en-antalya\/#primaryimage"},"thumbnailUrl":"https:\/\/www.dailycitytoursantalya.com\/esp\/wp-content\/uploads\/2021\/10\/image-13.jpg","datePublished":"2020-12-08T03:53:12+00:00","dateModified":"2024-09-17T09:19:03+00:00","description":"Descubra por qu\u00e9 1071 VUDAA TRAVEL es la mejor agencia de viajes en Antalya. Ofrecemos servicios VIP, tours privados y traslados.","breadcrumb":{"@id":"https:\/\/www.dailycitytoursantalya.com\/esp\/la-mejor-agencia-de-viajes-en-antalya\/#breadcrumb"},"inLanguage":"en-GB","potentialAction":[{"@type":"ReadAction","target":["https:\/\/www.dailycitytoursantalya.com\/esp\/la-mejor-agencia-de-viajes-en-antalya\/"]}]},{"@type":"ImageObject","inLanguage":"en-GB","@id":"https:\/\/www.dailycitytoursantalya.com\/esp\/la-mejor-agencia-de-viajes-en-antalya\/#primaryimage","url":"https:\/\/www.dailycitytoursantalya.com\/esp\/wp-content\/uploads\/2021\/10\/image-13.jpg","contentUrl":"https:\/\/www.dailycitytoursantalya.com\/esp\/wp-content\/uploads\/2021\/10\/image-13.jpg","width":800,"height":880},{"@type":"BreadcrumbList","@id":"https:\/\/www.dailycitytoursantalya.com\/esp\/la-mejor-agencia-de-viajes-en-antalya\/#breadcrumb","itemListElement":[{"@type":"ListItem","position":1,"name":"Home","item":"https:\/\/www.dailycitytoursantalya.com\/esp\/"},{"@type":"ListItem","position":2,"name":"Sobre nosotras"}]},{"@type":"WebSite","@id":"https:\/\/www.dailycitytoursantalya.com\/esp\/#website","url":"https:\/\/www.dailycitytoursantalya.com\/esp\/","name":"Excursiones de un d\u00eda en Antalya","description":"Excursiones en Antalya","potentialAction":[{"@type":"SearchAction","target":{"@type":"EntryPoint","urlTemplate":"https:\/\/www.dailycitytoursantalya.com\/esp\/?s={search_term_string}"},"query-input":{"@type":"PropertyValueSpecification","valueRequired":true,"valueName":"search_term_string"}}],"inLanguage":"en-GB"}]}},"_links":{"self":[{"href":"https:\/\/www.dailycitytoursantalya.com\/esp\/wp-json\/wp\/v2\/pages\/21","targetHints":{"allow":["GET"]}}],"collection":[{"href":"https:\/\/www.dailycitytoursantalya.com\/esp\/wp-json\/wp\/v2\/pages"}],"about":[{"href":"https:\/\/www.dailycitytoursantalya.com\/esp\/wp-json\/wp\/v2\/types\/page"}],"author":[{"embeddable":true,"href":"https:\/\/www.dailycitytoursantalya.com\/esp\/wp-json\/wp\/v2\/users\/1"}],"replies":[{"embeddable":true,"href":"https:\/\/www.dailycitytoursantalya.com\/esp\/wp-json\/wp\/v2\/comments?post=21"}],"version-history":[{"count":98,"href":"https:\/\/www.dailycitytoursantalya.com\/esp\/wp-json\/wp\/v2\/pages\/21\/revisions"}],"predecessor-version":[{"id":3151,"href":"https:\/\/www.dailycitytoursantalya.com\/esp\/wp-json\/wp\/v2\/pages\/21\/revisions\/3151"}],"wp:attachment":[{"href":"https:\/\/www.dailycitytoursantalya.com\/esp\/wp-json\/wp\/v2\/media?parent=21"}],"curies":[{"name":"wp","href":"https:\/\/api.w.org\/{rel}","templated":true}]}}